{"id":2409,"date":"2017-05-03T07:08:24","date_gmt":"2017-05-03T07:08:24","guid":{"rendered":"http:\/\/www.walkman-archive.com\/wa\/?page_id=2409"},"modified":"2018-05-11T09:30:08","modified_gmt":"2018-05-11T09:30:08","slug":"tj-autoreverse-cj-walkman-archive","status":"publish","type":"page","link":"https:\/\/walkman-archive.com\/wa\/tj-autoreverse-cj-walkman-archive\/","title":{"rendered":"TJ Autoreverse &#038; CJ Walkman Archive"},"content":{"rendered":"<p>Somos dos fan\u00e1ticos de la m\u00fasica anal\u00f3gica y en especial de los cassettes, y hemos realizado &#8220;pinchadas&#8221; con cassettes en diversas fiestas a lo largo del pais.<\/p>\n<p><strong>ENG<\/strong>: We&#8217;re two analog music fanatics, specially about cassettes, and we&#8217;ve performed some &#8220;DJ&#8221;sessions with cassettes in various parties throughout the country (Spain).<\/p>\n<p><a href=\"https:\/\/walkman-archive.com\/wa\/wp-content\/uploads\/2017\/05\/L3_resize.jpg\"><img decoding=\"async\" loading=\"lazy\" class=\"aligncenter size-large wp-image-2415\" src=\"https:\/\/walkman-archive.com\/wa\/wp-content\/uploads\/2017\/05\/L3_resize-800x533.jpg\" alt=\"L3_resize\" width=\"580\" height=\"386\" srcset=\"https:\/\/walkman-archive.com\/wa\/wp-content\/uploads\/2017\/05\/L3_resize-800x533.jpg 800w, https:\/\/walkman-archive.com\/wa\/wp-content\/uploads\/2017\/05\/L3_resize-500x333.jpg 500w, https:\/\/walkman-archive.com\/wa\/wp-content\/uploads\/2017\/05\/L3_resize-600x400.jpg 600w, https:\/\/walkman-archive.com\/wa\/wp-content\/uploads\/2017\/05\/L3_resize-960x640.jpg 960w, https:\/\/walkman-archive.com\/wa\/wp-content\/uploads\/2017\/05\/L3_resize-410x272.jpg 410w, https:\/\/walkman-archive.com\/wa\/wp-content\/uploads\/2017\/05\/L3_resize-580x386.jpg 580w, https:\/\/walkman-archive.com\/wa\/wp-content\/uploads\/2017\/05\/L3_resize.jpg 1000w\" sizes=\"(max-width: 580px) 100vw, 580px\" \/><\/a><\/p>\n<h2 style=\"text-align: center;\"><\/h2>\n<h2 style=\"text-align: center;\">TJ Autoreverse<\/h2>\n<p>Lorenzo (TJ de <em>Tape Jockey<\/em>) vive en Zaragoza y tiene la mayor colecci\u00f3n de walkmans del pais y probablemente del mundo, con 1000 walkmans (mayo &#8217;17). Ha sido entrevistado en <a title=\"This tape jockey has a thousand of walkmans and uses them to play\" href=\"https:\/\/walkman-archive.com\/wa\/2017\/03\/this-tape-jockey-has-a-thousand-of-walkmans-and-uses-them-to-play\/\">Tentaciones El PAIS<\/a> y en <a title=\"TJ Autoreverse shows off his walkman collection in a TV show! (video)\" href=\"https:\/\/walkman-archive.com\/wa\/2017\/03\/tj-autoreverse-shows-off-his-walkman-collection-in-a-tv-show-video\/\">varios programas de TV<\/a>.<\/p>\n<p><strong>ENG<\/strong>: Lorenzo (TJ, aka Tape Jockey) lives in zaragoza y has the country&#8217;s biggest walkman collection and probably world&#8217;s biggest, with 1000 walkmans (may &#8217;17). He has benn interviewed in\u00a0<a title=\"This tape jockey has a thousand of walkmans and uses them to play\" href=\"https:\/\/walkman-archive.com\/wa\/2017\/03\/this-tape-jockey-has-a-thousand-of-walkmans-and-uses-them-to-play\/\">Tentaciones El PAIS<\/a>\u00a0and in\u00a0<a title=\"TJ Autoreverse shows off his walkman collection in a TV show! (video)\" href=\"https:\/\/walkman-archive.com\/wa\/2017\/03\/tj-autoreverse-shows-off-his-walkman-collection-in-a-tv-show-video\/\">several TV shows<\/a>.<\/p>\n<div class=\"column2 column_space\"><p><a href=\"https:\/\/walkman-archive.com\/wa\/wp-content\/uploads\/2017\/05\/adidas_EQT-1_resize.jpg\"><img decoding=\"async\" loading=\"lazy\" class=\"aligncenter size-thumbnail wp-image-2412\" src=\"https:\/\/walkman-archive.com\/wa\/wp-content\/uploads\/2017\/05\/adidas_EQT-1_resize-250x250.jpg\" alt=\"adidas_EQT-1_resize\" width=\"250\" height=\"250\" srcset=\"https:\/\/walkman-archive.com\/wa\/wp-content\/uploads\/2017\/05\/adidas_EQT-1_resize-250x250.jpg 250w, https:\/\/walkman-archive.com\/wa\/wp-content\/uploads\/2017\/05\/adidas_EQT-1_resize-68x68.jpg 68w\" sizes=\"(max-width: 250px) 100vw, 250px\" \/><\/a><\/p>\n<\/div>\n<div class=\"column2 clearfix\"><p><a href=\"https:\/\/walkman-archive.com\/wa\/wp-content\/uploads\/2017\/05\/adidas_EQT-2_resize.jpg\"><img decoding=\"async\" loading=\"lazy\" class=\"aligncenter size-thumbnail wp-image-2413\" src=\"https:\/\/walkman-archive.com\/wa\/wp-content\/uploads\/2017\/05\/adidas_EQT-2_resize-250x250.jpg\" alt=\"adidas_EQT-2_resize\" width=\"250\" height=\"250\" srcset=\"https:\/\/walkman-archive.com\/wa\/wp-content\/uploads\/2017\/05\/adidas_EQT-2_resize-250x250.jpg 250w, https:\/\/walkman-archive.com\/wa\/wp-content\/uploads\/2017\/05\/adidas_EQT-2_resize-68x68.jpg 68w\" sizes=\"(max-width: 250px) 100vw, 250px\" \/><\/a><\/p>\n<\/div><div class=\"clear\"><\/div>\n<div class=\"column2 column_space\"><p><a href=\"https:\/\/walkman-archive.com\/wa\/wp-content\/uploads\/2017\/05\/adidas_EQT-4_resize.jpg\"><img decoding=\"async\" loading=\"lazy\" class=\"aligncenter size-thumbnail wp-image-2414\" src=\"https:\/\/walkman-archive.com\/wa\/wp-content\/uploads\/2017\/05\/adidas_EQT-4_resize-250x250.jpg\" alt=\"adidas_EQT-4_resize\" width=\"250\" height=\"250\" srcset=\"https:\/\/walkman-archive.com\/wa\/wp-content\/uploads\/2017\/05\/adidas_EQT-4_resize-250x250.jpg 250w, https:\/\/walkman-archive.com\/wa\/wp-content\/uploads\/2017\/05\/adidas_EQT-4_resize-68x68.jpg 68w\" sizes=\"(max-width: 250px) 100vw, 250px\" \/><\/a><\/p>\n<\/div>\n<div class=\"column2 clearfix\"><\/div><div class=\"clear\"><\/div>\n<p>&nbsp;<\/p>\n<h2 style=\"text-align: center;\">CJ Walkman Archive<\/h2>\n<p>Hugo (CJ de <em>Cassette Jockey<\/em>) vive en Barcelona y es el autor de esta p\u00e1gina. Su colecci\u00f3n contiene la mayor\u00eda de modelos de alta gama de las principales marcas (AIWA, SONY, Panasonic, SHARP, Toshiba&#8230;) en sus mejores a\u00f1os (83-92). La mayor\u00eda de ellos en excelentes condiciones y muchos han sido reparados y funcionan.<\/p>\n<p><strong>ENG<\/strong>: Hugo (CJ aka <em>Cassette Jockey<\/em>) lives in Barcelona and it&#8217;s\u00a0the owner of this webpage. His collection has mostly high-class models from the main brands (AIWA, SONY, Panasonic, SHARP, Toshiba&#8230;) in their best years (83-92). Most of them are in excellent condition and many are already serviced so they work.<\/p>\n<div class=\"column2 column_space\"><p><a href=\"https:\/\/walkman-archive.com\/wa\/wp-content\/uploads\/2017\/04\/Cassette-Party-2017-09.jpg\"><img decoding=\"async\" loading=\"lazy\" class=\"aligncenter size-thumbnail wp-image-2367\" src=\"https:\/\/walkman-archive.com\/wa\/wp-content\/uploads\/2017\/04\/Cassette-Party-2017-09-250x250.jpg\" alt=\"Cassette Party 2017 09\" width=\"250\" height=\"250\" srcset=\"https:\/\/walkman-archive.com\/wa\/wp-content\/uploads\/2017\/04\/Cassette-Party-2017-09-250x250.jpg 250w, https:\/\/walkman-archive.com\/wa\/wp-content\/uploads\/2017\/04\/Cassette-Party-2017-09-68x68.jpg 68w\" sizes=\"(max-width: 250px) 100vw, 250px\" \/><\/a><\/p>\n<\/div>\n<div class=\"column2 clearfix\"><p><a href=\"https:\/\/walkman-archive.com\/wa\/wp-content\/uploads\/2017\/04\/Cassette-Party-2017-10.jpg\"><img decoding=\"async\" loading=\"lazy\" class=\"aligncenter size-thumbnail wp-image-2368\" src=\"https:\/\/walkman-archive.com\/wa\/wp-content\/uploads\/2017\/04\/Cassette-Party-2017-10-250x250.jpg\" alt=\"Cassette Party 2017 10\" width=\"250\" height=\"250\" srcset=\"https:\/\/walkman-archive.com\/wa\/wp-content\/uploads\/2017\/04\/Cassette-Party-2017-10-250x250.jpg 250w, https:\/\/walkman-archive.com\/wa\/wp-content\/uploads\/2017\/04\/Cassette-Party-2017-10-68x68.jpg 68w\" sizes=\"(max-width: 250px) 100vw, 250px\" \/><\/a><\/p>\n<\/div><div class=\"clear\"><\/div>\n<div class=\"column2 column_space\"><p><a href=\"https:\/\/walkman-archive.com\/wa\/wp-content\/uploads\/2017\/04\/Cassette-Party-2017-05.jpg\"><img decoding=\"async\" loading=\"lazy\" class=\"aligncenter size-thumbnail wp-image-2363\" src=\"https:\/\/walkman-archive.com\/wa\/wp-content\/uploads\/2017\/04\/Cassette-Party-2017-05-250x250.jpg\" alt=\"Cassette Party 2017 05\" width=\"250\" height=\"250\" srcset=\"https:\/\/walkman-archive.com\/wa\/wp-content\/uploads\/2017\/04\/Cassette-Party-2017-05-250x250.jpg 250w, https:\/\/walkman-archive.com\/wa\/wp-content\/uploads\/2017\/04\/Cassette-Party-2017-05-68x68.jpg 68w\" sizes=\"(max-width: 250px) 100vw, 250px\" \/><\/a><\/p>\n<\/div>\n<div class=\"column2 clearfix\"><p><a href=\"https:\/\/walkman-archive.com\/wa\/wp-content\/uploads\/2017\/04\/IMG_7110.jpg\"><img decoding=\"async\" loading=\"lazy\" class=\"aligncenter size-thumbnail wp-image-2378\" src=\"https:\/\/walkman-archive.com\/wa\/wp-content\/uploads\/2017\/04\/IMG_7110-250x250.jpg\" alt=\"IMG_7110\" width=\"250\" height=\"250\" srcset=\"https:\/\/walkman-archive.com\/wa\/wp-content\/uploads\/2017\/04\/IMG_7110-250x250.jpg 250w, https:\/\/walkman-archive.com\/wa\/wp-content\/uploads\/2017\/04\/IMG_7110-68x68.jpg 68w\" sizes=\"(max-width: 250px) 100vw, 250px\" \/><\/a><\/p>\n<\/div><div class=\"clear\"><\/div>\n<h2 style=\"text-align: center;\"><\/h2>\n<h2 style=\"text-align: center;\">La m\u00fasica que ponemos\/The music we play<\/h2>\n<p>CJ Autoreverse:<\/p>\n<p>I usually like to start with mild pop. then, after 1\/2-1h I switch to Pop (dancing) and stay here for 1-2 h. Then I switch to rock and progressively go to hard (classic) rock. I stay there for 1-2h&#8230;<\/p>\n<p>But it depends on the type of bar\/party. I can stick to pop, rock of any of these styles. I also can start with rock and stay all the time with that, going from classic to modern, alternative rock.<br \/>\n\n<p>Contacta con nosotros \/Contact with us:<\/p>\n<p><img decoding=\"async\" loading=\"lazy\" class=\"aligncenter wp-image-1598 size-full\" src=\"https:\/\/walkman-archive.com\/wa\/wp-content\/uploads\/2015\/12\/walkmanarchive-black.png\" alt=\"email walkman archive black\" width=\"278\" height=\"37\" \/><\/p>\n<p>&nbsp;<\/p>\n<div class='video_frame'><iframe src='http:\/\/www.youtube.com\/embed\/8tsLC5q2dSs' width='540' height='304' frameborder='0'><\/iframe><\/div>\n<p>&nbsp;<\/p>\n<p>&nbsp;<\/p>\n<div class='video_frame'><iframe src='http:\/\/www.youtube.com\/embed\/_swKaHvjMC0' width='540' height='304' frameborder='0'><\/iframe><\/div>\n<p>&nbsp;<\/p>\n<div class='video_frame'><iframe src='http:\/\/www.youtube.com\/embed\/wGBGTqVt-yA' width='580' height='326' frameborder='0'><\/iframe><\/div>\n","protected":false},"excerpt":{"rendered":"<p>Somos dos fan\u00e1ticos de la m\u00fasica anal\u00f3gica y en especial de los cassettes, y hemos realizado &#8220;pinchadas&#8221; con cassettes en diversas fiestas a lo largo del pais. ENG: We&#8217;re two analog music fanatics, specially about cassettes, and we&#8217;ve performed some &#8220;DJ&#8221;sessions with cassettes in various parties throughout the country (Spain). TJ Autoreverse Lorenzo (TJ de [&hellip;]<\/p>\n","protected":false},"author":1,"featured_media":2411,"parent":0,"menu_order":0,"comment_status":"open","ping_status":"closed","template":"","meta":{"footnotes":""},"_links":{"self":[{"href":"https:\/\/walkman-archive.com\/wa\/wp-json\/wp\/v2\/pages\/2409"}],"collection":[{"href":"https:\/\/walkman-archive.com\/wa\/wp-json\/wp\/v2\/pages"}],"about":[{"href":"https:\/\/walkman-archive.com\/wa\/wp-json\/wp\/v2\/types\/page"}],"author":[{"embeddable":true,"href":"https:\/\/walkman-archive.com\/wa\/wp-json\/wp\/v2\/users\/1"}],"replies":[{"embeddable":true,"href":"https:\/\/walkman-archive.com\/wa\/wp-json\/wp\/v2\/comments?post=2409"}],"version-history":[{"count":11,"href":"https:\/\/walkman-archive.com\/wa\/wp-json\/wp\/v2\/pages\/2409\/revisions"}],"predecessor-version":[{"id":2930,"href":"https:\/\/walkman-archive.com\/wa\/wp-json\/wp\/v2\/pages\/2409\/revisions\/2930"}],"wp:featuredmedia":[{"embeddable":true,"href":"https:\/\/walkman-archive.com\/wa\/wp-json\/wp\/v2\/media\/2411"}],"wp:attachment":[{"href":"https:\/\/walkman-archive.com\/wa\/wp-json\/wp\/v2\/media?parent=2409"}],"curies":[{"name":"wp","href":"https:\/\/api.w.org\/{rel}","templated":true}]}}